{"id":4015,"date":"2016-06-08T19:49:10","date_gmt":"2016-06-08T19:49:10","guid":{"rendered":"https:\/\/postesdelcentro.com.ve\/?page_id=4015"},"modified":"2016-06-10T14:41:01","modified_gmt":"2016-06-10T14:41:01","slug":"nosotros","status":"publish","type":"page","link":"https:\/\/postesdelcentro.com.ve\/?page_id=4015","title":{"rendered":"Nosotros"},"content":{"rendered":"<div id='av_section_1'  class='avia-section av-av_section-6eccae2640257b96e91668a5b27c6b1d main_color avia-section-no-padding avia-no-border-styling  avia-builder-el-0  el_before_av_section  avia-builder-el-first  avia-bg-style-scroll av-minimum-height av-minimum-height-custom av-height-custom  container_wrap fullsize'   data-av_minimum_height_px='480'><div class='container av-section-cont-open' style='height:480px'><main  role=\"main\" itemprop=\"mainContentOfPage\"  class='template-page content  av-content-full alpha units'><div class='post-entry post-entry-type-page post-entry-4015'><div class='entry-content-wrapper clearfix'>\n<div  class='avia-video av-av_video-5f1130a55cca24d00ac2c3db87e717d4 avia-video-16-9 av-no-preview-image avia-video-load-always av-lazyload-immediate av-lazyload-video-embed'  itemprop=\"video\" itemtype=\"https:\/\/schema.org\/VideoObject\"  data-original_url='https:\/\/www.youtube.com\/watch?v=MjmnjOx8SAg'><script type='text\/html' class='av-video-tmpl'><div class='avia-iframe-wrap'><iframe loading=\"lazy\" width=\"1500\" height=\"844\" src=\"https:\/\/www.youtube.com\/embed\/MjmnjOx8SAg?feature=oembed&autoplay=0&loop=0&controls=1&mute=0\" frameborder=\"0\" allowfullscreen><\/iframe><\/div><\/script><div class='av-click-to-play-overlay'><div class=\"avia_playpause_icon\"><\/div><\/div><\/div>\n<\/div><\/div><\/main><!-- close content main element --><\/div><\/div><div id='av_section_2'  class='avia-section av-av_section-4668ed31d92965a55282129930f2a62d main_color avia-section-large avia-no-border-styling  avia-builder-el-2  el_after_av_section  el_before_av_section  avia-bg-style-scroll container_wrap fullsize'  ><div class='container av-section-cont-open' ><div class='template-page content  av-content-full alpha units'><div class='post-entry post-entry-type-page post-entry-4015'><div class='entry-content-wrapper clearfix'>\n<section  class='av_textblock_section av-av_textblock-0366cc7376be6c9e82a3e9cc8987b64f '   itemscope=\"itemscope\" itemtype=\"https:\/\/schema.org\/CreativeWork\" ><div class='avia_textblock'  itemprop=\"text\" ><h1>Nosotros<\/h1>\n<p>Somos una empresa dedicada a la fabricaci\u00f3n de postes tubulares, hexagonales y torres de alumbrado, para instalaciones de tendidos el\u00e9ctricos e iluminaci\u00f3n, as\u00ed tambi\u00e9n como a la fabricaci\u00f3n de Herrajes en general y a la comercializaci\u00f3n de todos los materiales el\u00e9ctricos de media y baja tensi\u00f3n, tales como: Cables, Arvidales,\u00a0 Aisladores, Luminarias, Reflectores, Brazos, Cortacorrientes, Pararrayos, Conectores, etc, que son necesarios para dichas instalaciones.<\/p>\n<p>Estamos establecidos desde el a\u00f1o 2013. Nuestro personal cuenta con amplia experiencia en el ramo, y estamos a su disposici\u00f3n para ayudarle y asesorarle en su proyecto con el mayor de los gustos.<\/p>\n<p>Tambi\u00e9n contamos con flota propia de transporte pesado, con el fin de ofrecerle servicio de flete especializado hasta el lugar de instalaci\u00f3n.<\/p>\n<p>Estamos a su orden.<\/p>\n<\/div><\/section>\n<\/p>\n<\/div><\/div><\/div><!-- close content main div --><\/div><\/div><div id='av_section_3'  class='avia-section av-av_section-8b26b6ea7b09f639ac96b8caeb95194b alternate_color avia-section-small avia-no-border-styling  avia-builder-el-4  el_after_av_section  el_before_av_section  avia-bg-style-scroll av-minimum-height av-minimum-height-custom av-height-custom  container_wrap fullsize'   data-av_minimum_height_px='150'><div class='container av-section-cont-open' style='height:150px'><div class='template-page content  av-content-full alpha units'><div class='post-entry post-entry-type-page post-entry-4015'><div class='entry-content-wrapper clearfix'>\n<div  class='flex_column av-av_one_half-2a9015ff38129c418a3f2eafba3e9512 av_one_half  avia-builder-el-5  el_before_av_one_half  avia-builder-el-first  first flex_column_div  '     ><p><section  class='av_textblock_section av-av_textblock-0366cc7376be6c9e82a3e9cc8987b64f '   itemscope=\"itemscope\" itemtype=\"https:\/\/schema.org\/CreativeWork\" ><div class='avia_textblock'  itemprop=\"text\" ><p><span style=\"font-family: Lato; font-size: 16px;\">Esperamos que a partir de hoy, <strong>Postes del Centro, C.A<\/strong>, pase a ser, adem\u00e1s de su proveedor habitual, la empresa en la que puede confiar plenamente cuando piense en postes y materiales electricos.<\/span><\/p>\n<\/div><\/section><br \/>\n<section  class='av_textblock_section av-av_textblock-0366cc7376be6c9e82a3e9cc8987b64f '   itemscope=\"itemscope\" itemtype=\"https:\/\/schema.org\/CreativeWork\" ><div class='avia_textblock'  itemprop=\"text\" ><p style=\"text-align: left;\"><strong>\u00a1CONTACTANOS!<\/strong><\/p>\n<\/div><\/section><br \/>\n<section  class='av_textblock_section av-av_textblock-0366cc7376be6c9e82a3e9cc8987b64f '   itemscope=\"itemscope\" itemtype=\"https:\/\/schema.org\/CreativeWork\" ><div class='avia_textblock'  itemprop=\"text\" ><p><img loading=\"lazy\" decoding=\"async\" class=\"size-full wp-image-54 alignleft\" src=\"https:\/\/postesdelcentro.com.ve\/wp-content\/uploads\/2016\/02\/phone-call-80x80.png\" alt=\"Local\" width=\"32\" height=\"32\" \/><strong>+58 241 8717387<\/strong><\/p>\n<\/div><\/section><br \/>\n<section  class='av_textblock_section av-av_textblock-0366cc7376be6c9e82a3e9cc8987b64f '   itemscope=\"itemscope\" itemtype=\"https:\/\/schema.org\/CreativeWork\" ><div class='avia_textblock'  itemprop=\"text\" ><p><img loading=\"lazy\" decoding=\"async\" class=\"size-full wp-image-54 alignleft\" src=\"https:\/\/postesdelcentro.com.ve\/wp-content\/uploads\/2016\/02\/phone-call-80x80.png\" alt=\"Local\" width=\"32\" height=\"32\" \/><strong>+58 424 4561177<\/strong><\/p>\n<\/div><\/section><br \/>\n<section  class='av_textblock_section av-av_textblock-0366cc7376be6c9e82a3e9cc8987b64f '   itemscope=\"itemscope\" itemtype=\"https:\/\/schema.org\/CreativeWork\" ><div class='avia_textblock'  itemprop=\"text\" ><p><img loading=\"lazy\" decoding=\"async\" class=\"size-full wp-image-54 alignleft\" src=\"https:\/\/postesdelcentro.com.ve\/wp-content\/uploads\/2016\/02\/envelope-80x80.png\" alt=\"Local\" width=\"32\" height=\"32\" \/><strong>ventas@postesdelcentro.com.ve<\/strong><\/p>\n<\/div><\/section><br \/>\n<section  class='av_textblock_section av-av_textblock-0366cc7376be6c9e82a3e9cc8987b64f '   itemscope=\"itemscope\" itemtype=\"https:\/\/schema.org\/CreativeWork\" ><div class='avia_textblock'  itemprop=\"text\" ><p><img loading=\"lazy\" decoding=\"async\" class=\"size-full wp-image-54 alignleft\" src=\"https:\/\/postesdelcentro.com.ve\/wp-content\/uploads\/2016\/02\/placeholder-80x80.png\" alt=\"Local\" width=\"32\" height=\"32\" \/><strong>Urb. Industrial Terrazas de Castillito,\u00a0 Centro Comercial\u00a0 Cem II, Galp\u00f3n G-9,\u00a0Municipio San Diego, Estado Carabobo.<\/strong><\/p>\n<\/div><\/section><\/p><\/div><div  class='flex_column av-av_one_half-75d3b6862cb92909ce7b9878f30b6cf9 av_one_half  avia-builder-el-12  el_after_av_one_half  avia-builder-el-last  flex_column_div  '     ><div  class='av_gmaps_sc_main_wrap av_gmaps_main_wrap '><div id='av_gmap_0' class='avia-google-map-container avia-google-map-sc av_gmaps_show_unconditionally av-no-fallback-img ' data-mapid='av_gmap_0'  style='height: 250px;'><a class=\"av_gmaps_browser_disabled av_text_confirm_link av_text_confirm_link_visible\" href=\"https:\/\/www.google.com\/maps\/search\/?api=1&#038;query=Calle%20La%20Pedrera%20%20Valencia%20%20Venezuela\" target=\"_blank\" rel=\"noopener\">Maps were disabled by the visitor on this site. Click to open the map in a new window.<\/a><\/div><\/div><\/div><\/div><\/div><\/div><!-- close content main div --><\/div><\/div><div id='av_section_4'  class='avia-section av-av_section-ee88c319f0cb98b6695a04a23b820fca footer_color avia-section-small avia-no-border-styling  avia-builder-el-14  el_after_av_section  avia-builder-el-last  avia-bg-style-scroll container_wrap fullsize'  ><div class='container av-section-cont-open' ><div class='template-page content  av-content-full alpha units'><div class='post-entry post-entry-type-page post-entry-4015'><div class='entry-content-wrapper clearfix'>\n<section  class='av_textblock_section av-av_textblock-0366cc7376be6c9e82a3e9cc8987b64f '   itemscope=\"itemscope\" itemtype=\"https:\/\/schema.org\/CreativeWork\" ><div class='avia_textblock'  itemprop=\"text\" ><p style=\"text-align: center;\"><span style=\"font-family: Lato;\">Postes del Centro, C.A., R.I.F.: J-40264929-0 | Todos los derechos reservados | Desarollado por Chicha Con Canela<\/span><\/p>\n<\/div><\/section>\n<\/p>\n","protected":false},"excerpt":{"rendered":"","protected":false},"author":1,"featured_media":0,"parent":0,"menu_order":0,"comment_status":"closed","ping_status":"closed","template":"","meta":{"footnotes":""},"class_list":["post-4015","page","type-page","status-publish","hentry"],"yoast_head":"<!-- This site is optimized with the Yoast SEO plugin v27.5 - https:\/\/yoast.com\/product\/yoast-seo-wordpress\/ -->\n<title>Nosotros | Postes del Centro, C.A.<\/title>\n<meta name=\"description\" content=\"Nos dedicamos a la fabricaci\u00f3n de postes tubulares, hexagonales y torres de iluminaci\u00f3n, accesorios y comercializaci\u00f3n de materiales el\u00e9ctricos.\" \/>\n<meta name=\"robots\" content=\"index, follow, max-snippet:-1, max-image-preview:large, max-video-preview:-1\" \/>\n<link rel=\"canonical\" href=\"https:\/\/postesdelcentro.com.ve\/?page_id=4015\" \/>\n<meta property=\"og:locale\" content=\"es_ES\" \/>\n<meta property=\"og:type\" content=\"article\" \/>\n<meta property=\"og:title\" content=\"Nosotros | Postes del Centro, C.A.\" \/>\n<meta property=\"og:description\" content=\"Nos dedicamos a la fabricaci\u00f3n de postes tubulares, hexagonales y torres de iluminaci\u00f3n, accesorios y comercializaci\u00f3n de materiales el\u00e9ctricos.\" \/>\n<meta property=\"og:url\" content=\"https:\/\/postesdelcentro.com.ve\/?page_id=4015\" \/>\n<meta property=\"og:site_name\" content=\"Postes del Centro\" \/>\n<meta property=\"article:modified_time\" content=\"2016-06-10T14:41:01+00:00\" \/>\n<meta property=\"og:image\" content=\"https:\/\/postesdelcentro.com.ve\/wp-content\/uploads\/2016\/02\/phone-call-80x80.png\" \/>\n<meta name=\"twitter:card\" content=\"summary_large_image\" \/>\n<meta name=\"twitter:label1\" content=\"Est. reading time\" \/>\n\t<meta name=\"twitter:data1\" content=\"3 minutos\" \/>\n<script type=\"application\/ld+json\" class=\"yoast-schema-graph\">{\"@context\":\"https:\\\/\\\/schema.org\",\"@graph\":[{\"@type\":\"WebPage\",\"@id\":\"https:\\\/\\\/postesdelcentro.com.ve\\\/?page_id=4015\",\"url\":\"https:\\\/\\\/postesdelcentro.com.ve\\\/?page_id=4015\",\"name\":\"Nosotros | Postes del Centro, C.A.\",\"isPartOf\":{\"@id\":\"https:\\\/\\\/postesdelcentro.com.ve\\\/#website\"},\"primaryImageOfPage\":{\"@id\":\"https:\\\/\\\/postesdelcentro.com.ve\\\/?page_id=4015#primaryimage\"},\"image\":{\"@id\":\"https:\\\/\\\/postesdelcentro.com.ve\\\/?page_id=4015#primaryimage\"},\"thumbnailUrl\":\"https:\\\/\\\/postesdelcentro.com.ve\\\/wp-content\\\/uploads\\\/2016\\\/02\\\/phone-call-80x80.png\",\"datePublished\":\"2016-06-08T19:49:10+00:00\",\"dateModified\":\"2016-06-10T14:41:01+00:00\",\"description\":\"Nos dedicamos a la fabricaci\u00f3n de postes tubulares, hexagonales y torres de iluminaci\u00f3n, accesorios y comercializaci\u00f3n de materiales el\u00e9ctricos.\",\"breadcrumb\":{\"@id\":\"https:\\\/\\\/postesdelcentro.com.ve\\\/?page_id=4015#breadcrumb\"},\"inLanguage\":\"es\",\"potentialAction\":[{\"@type\":\"ReadAction\",\"target\":[\"https:\\\/\\\/postesdelcentro.com.ve\\\/?page_id=4015\"]}]},{\"@type\":\"ImageObject\",\"inLanguage\":\"es\",\"@id\":\"https:\\\/\\\/postesdelcentro.com.ve\\\/?page_id=4015#primaryimage\",\"url\":\"https:\\\/\\\/postesdelcentro.com.ve\\\/wp-content\\\/uploads\\\/2016\\\/02\\\/phone-call.png\",\"contentUrl\":\"https:\\\/\\\/postesdelcentro.com.ve\\\/wp-content\\\/uploads\\\/2016\\\/02\\\/phone-call.png\",\"width\":799,\"height\":800},{\"@type\":\"BreadcrumbList\",\"@id\":\"https:\\\/\\\/postesdelcentro.com.ve\\\/?page_id=4015#breadcrumb\",\"itemListElement\":[{\"@type\":\"ListItem\",\"position\":1,\"name\":\"Portada\",\"item\":\"https:\\\/\\\/postesdelcentro.com.ve\\\/\"},{\"@type\":\"ListItem\",\"position\":2,\"name\":\"Nosotros\"}]},{\"@type\":\"WebSite\",\"@id\":\"https:\\\/\\\/postesdelcentro.com.ve\\\/#website\",\"url\":\"https:\\\/\\\/postesdelcentro.com.ve\\\/\",\"name\":\"Postes del Centro\",\"description\":\"\",\"potentialAction\":[{\"@type\":\"SearchAction\",\"target\":{\"@type\":\"EntryPoint\",\"urlTemplate\":\"https:\\\/\\\/postesdelcentro.com.ve\\\/?s={search_term_string}\"},\"query-input\":{\"@type\":\"PropertyValueSpecification\",\"valueRequired\":true,\"valueName\":\"search_term_string\"}}],\"inLanguage\":\"es\"}]}<\/script>\n<!-- \/ Yoast SEO plugin. -->","yoast_head_json":{"title":"Nosotros | Postes del Centro, C.A.","description":"Nos dedicamos a la fabricaci\u00f3n de postes tubulares, hexagonales y torres de iluminaci\u00f3n, accesorios y comercializaci\u00f3n de materiales el\u00e9ctricos.","robots":{"index":"index","follow":"follow","max-snippet":"max-snippet:-1","max-image-preview":"max-image-preview:large","max-video-preview":"max-video-preview:-1"},"canonical":"https:\/\/postesdelcentro.com.ve\/?page_id=4015","og_locale":"es_ES","og_type":"article","og_title":"Nosotros | Postes del Centro, C.A.","og_description":"Nos dedicamos a la fabricaci\u00f3n de postes tubulares, hexagonales y torres de iluminaci\u00f3n, accesorios y comercializaci\u00f3n de materiales el\u00e9ctricos.","og_url":"https:\/\/postesdelcentro.com.ve\/?page_id=4015","og_site_name":"Postes del Centro","article_modified_time":"2016-06-10T14:41:01+00:00","og_image":[{"url":"https:\/\/postesdelcentro.com.ve\/wp-content\/uploads\/2016\/02\/phone-call-80x80.png","type":"","width":"","height":""}],"twitter_card":"summary_large_image","twitter_misc":{"Est. reading time":"3 minutos"},"schema":{"@context":"https:\/\/schema.org","@graph":[{"@type":"WebPage","@id":"https:\/\/postesdelcentro.com.ve\/?page_id=4015","url":"https:\/\/postesdelcentro.com.ve\/?page_id=4015","name":"Nosotros | Postes del Centro, C.A.","isPartOf":{"@id":"https:\/\/postesdelcentro.com.ve\/#website"},"primaryImageOfPage":{"@id":"https:\/\/postesdelcentro.com.ve\/?page_id=4015#primaryimage"},"image":{"@id":"https:\/\/postesdelcentro.com.ve\/?page_id=4015#primaryimage"},"thumbnailUrl":"https:\/\/postesdelcentro.com.ve\/wp-content\/uploads\/2016\/02\/phone-call-80x80.png","datePublished":"2016-06-08T19:49:10+00:00","dateModified":"2016-06-10T14:41:01+00:00","description":"Nos dedicamos a la fabricaci\u00f3n de postes tubulares, hexagonales y torres de iluminaci\u00f3n, accesorios y comercializaci\u00f3n de materiales el\u00e9ctricos.","breadcrumb":{"@id":"https:\/\/postesdelcentro.com.ve\/?page_id=4015#breadcrumb"},"inLanguage":"es","potentialAction":[{"@type":"ReadAction","target":["https:\/\/postesdelcentro.com.ve\/?page_id=4015"]}]},{"@type":"ImageObject","inLanguage":"es","@id":"https:\/\/postesdelcentro.com.ve\/?page_id=4015#primaryimage","url":"https:\/\/postesdelcentro.com.ve\/wp-content\/uploads\/2016\/02\/phone-call.png","contentUrl":"https:\/\/postesdelcentro.com.ve\/wp-content\/uploads\/2016\/02\/phone-call.png","width":799,"height":800},{"@type":"BreadcrumbList","@id":"https:\/\/postesdelcentro.com.ve\/?page_id=4015#breadcrumb","itemListElement":[{"@type":"ListItem","position":1,"name":"Portada","item":"https:\/\/postesdelcentro.com.ve\/"},{"@type":"ListItem","position":2,"name":"Nosotros"}]},{"@type":"WebSite","@id":"https:\/\/postesdelcentro.com.ve\/#website","url":"https:\/\/postesdelcentro.com.ve\/","name":"Postes del Centro","description":"","potentialAction":[{"@type":"SearchAction","target":{"@type":"EntryPoint","urlTemplate":"https:\/\/postesdelcentro.com.ve\/?s={search_term_string}"},"query-input":{"@type":"PropertyValueSpecification","valueRequired":true,"valueName":"search_term_string"}}],"inLanguage":"es"}]}},"_links":{"self":[{"href":"https:\/\/postesdelcentro.com.ve\/index.php?rest_route=\/wp\/v2\/pages\/4015","targetHints":{"allow":["GET"]}}],"collection":[{"href":"https:\/\/postesdelcentro.com.ve\/index.php?rest_route=\/wp\/v2\/pages"}],"about":[{"href":"https:\/\/postesdelcentro.com.ve\/index.php?rest_route=\/wp\/v2\/types\/page"}],"author":[{"embeddable":true,"href":"https:\/\/postesdelcentro.com.ve\/index.php?rest_route=\/wp\/v2\/users\/1"}],"replies":[{"embeddable":true,"href":"https:\/\/postesdelcentro.com.ve\/index.php?rest_route=%2Fwp%2Fv2%2Fcomments&post=4015"}],"version-history":[{"count":7,"href":"https:\/\/postesdelcentro.com.ve\/index.php?rest_route=\/wp\/v2\/pages\/4015\/revisions"}],"predecessor-version":[{"id":4142,"href":"https:\/\/postesdelcentro.com.ve\/index.php?rest_route=\/wp\/v2\/pages\/4015\/revisions\/4142"}],"wp:attachment":[{"href":"https:\/\/postesdelcentro.com.ve\/index.php?rest_route=%2Fwp%2Fv2%2Fmedia&parent=4015"}],"curies":[{"name":"wp","href":"https:\/\/api.w.org\/{rel}","templated":true}]}}