{"id":4073,"date":"2016-06-08T20:03:48","date_gmt":"2016-06-08T20:03:48","guid":{"rendered":"https:\/\/postesdelcentro.com.ve\/?page_id=4073"},"modified":"2016-06-10T14:54:41","modified_gmt":"2016-06-10T14:54:41","slug":"contacto-2","status":"publish","type":"page","link":"https:\/\/postesdelcentro.com.ve\/?page_id=4073","title":{"rendered":"Contacto"},"content":{"rendered":"<div id='av_section_1'  class='avia-section av-av_section-d21fdcaeecb69b7efe4eaf10b6112bd0 main_color avia-section-default avia-no-shadow  avia-builder-el-0  el_before_av_section  avia-builder-el-first  avia-bg-style-scroll container_wrap fullsize'  ><div class='container av-section-cont-open' ><main  role=\"main\" itemprop=\"mainContentOfPage\"  class='template-page content  av-content-full alpha units'><div class='post-entry post-entry-type-page post-entry-4073'><div class='entry-content-wrapper clearfix'>\n<section  class='av_textblock_section av-av_textblock-0366cc7376be6c9e82a3e9cc8987b64f '   itemscope=\"itemscope\" itemtype=\"https:\/\/schema.org\/CreativeWork\" ><div class='avia_textblock'  itemprop=\"text\" ><h1 style=\"text-align: center;\">\u00a1CONTACTANOS!<\/h1>\n<\/div><\/section>\n<div  class='flex_column av-av_one_fourth-2a9015ff38129c418a3f2eafba3e9512 av_one_fourth  avia-builder-el-2  el_after_av_textblock  el_before_av_one_half  first flex_column_div  column-top-margin'     ><\/div><div  class='flex_column av-av_one_half-75d3b6862cb92909ce7b9878f30b6cf9 av_one_half  avia-builder-el-3  el_after_av_one_fourth  el_before_av_one_fourth  flex_column_div  column-top-margin'     ><form action=\"https:\/\/postesdelcentro.com.ve\/?page_id=4073\" method=\"post\" data-fields-with-error=\"Found errors in the following field(s):\" class=\"avia_ajax_form av-form-labels-visible   avia-builder-el-4  avia-builder-el-no-sibling  av-custom-form-color av-dark-form \" data-avia-form-id=\"1\" data-avia-redirect='https:\/\/postesdelcentro.com.ve\/' ><h3 class=''>Cont\u00e1ctanos<\/h3><fieldset><p class='  first_form  form_element form_fullwidth' id='element_avia_1_1'><label for=\"avia_1_1\">Nombre <abbr class=\"required\" title=\"requerido\">*<\/abbr><\/label> <input name=\"avia_1_1\" class=\"text_input is_empty\" type=\"text\" id=\"avia_1_1\" value=\"\" \/><\/p><p class='  first_form  form_element form_fullwidth' id='element_avia_2_1'><label for=\"avia_2_1\">Correo electr\u00f3nico <abbr class=\"required\" title=\"requerido\">*<\/abbr><\/label> <input name=\"avia_2_1\" class=\"text_input is_email\" type=\"text\" id=\"avia_2_1\" value=\"\" \/><\/p><p class='  first_form  form_element form_fullwidth' id='element_avia_3_1'><label for=\"avia_3_1\">Asunto <abbr class=\"required\" title=\"requerido\">*<\/abbr><\/label> <input name=\"avia_3_1\" class=\"text_input is_empty\" type=\"text\" id=\"avia_3_1\" value=\"\" \/><\/p><p class='  first_form  form_element form_fullwidth av-last-visible-form-element' id='element_avia_4_1'><label for=\"avia_4_1\" class=\"textare_label hidden textare_label_avia_4_1\">Mensaje <abbr class=\"required\" title=\"requerido\">*<\/abbr><\/label><textarea  name=\"avia_4_1\" class=\"text_area is_empty\" cols=\"40\" rows=\"7\" id=\"avia_4_1\" ><\/textarea><\/p><p class=\"hidden\"><input type=\"text\" name=\"avia_5_1\" class=\"hidden \" id=\"avia_5_1\" value=\"\" \/><\/p><p class=\"form_element \"><input type=\"hidden\" value=\"1\" name=\"avia_generated_form1\" \/><input type=\"submit\" value=\"Enviar\" class=\"button\"  data-sending-label=\"Enviando\"\/><\/p><\/fieldset><\/form><div id=\"ajaxresponse_1\" class=\"ajaxresponse ajaxresponse_1 hidden\"><\/div><\/div><div  class='flex_column av-av_one_fourth-75d3b6862cb92909ce7b9878f30b6cf9 av_one_fourth  avia-builder-el-5  el_after_av_one_half  avia-builder-el-last  flex_column_div  column-top-margin'     ><\/div>\n\n<\/div><\/div><\/main><!-- close content main element --><\/div><\/div><div id='av_section_2'  class='avia-section av-av_section-8b26b6ea7b09f639ac96b8caeb95194b alternate_color avia-section-small avia-no-border-styling  avia-builder-el-6  el_after_av_section  el_before_av_section  avia-bg-style-scroll av-minimum-height av-minimum-height-custom av-height-custom  container_wrap fullsize'   data-av_minimum_height_px='150'><div class='container av-section-cont-open' style='height:150px'><div class='template-page content  av-content-full alpha units'><div class='post-entry post-entry-type-page post-entry-4073'><div class='entry-content-wrapper clearfix'>\n<div  class='flex_column av-av_one_half-2a9015ff38129c418a3f2eafba3e9512 av_one_half  avia-builder-el-7  el_before_av_one_half  avia-builder-el-first  first flex_column_div  '     ><p><section  class='av_textblock_section av-av_textblock-0366cc7376be6c9e82a3e9cc8987b64f '   itemscope=\"itemscope\" itemtype=\"https:\/\/schema.org\/CreativeWork\" ><div class='avia_textblock'  itemprop=\"text\" ><p><span style=\"font-family: Lato; font-size: 16px;\">Esperamos que a partir de hoy, <strong>Postes del Centro, C.A<\/strong>, pase a ser, adem\u00e1s de su proveedor habitual, la empresa en la que puede confiar plenamente cuando piense en postes y materiales electricos.<\/span><\/p>\n<\/div><\/section><br \/>\n<section  class='av_textblock_section av-av_textblock-0366cc7376be6c9e82a3e9cc8987b64f '   itemscope=\"itemscope\" itemtype=\"https:\/\/schema.org\/CreativeWork\" ><div class='avia_textblock'  itemprop=\"text\" ><p style=\"text-align: left;\"><strong>\u00a1CONTACTANOS!<\/strong><\/p>\n<\/div><\/section><br \/>\n<section  class='av_textblock_section av-av_textblock-0366cc7376be6c9e82a3e9cc8987b64f '   itemscope=\"itemscope\" itemtype=\"https:\/\/schema.org\/CreativeWork\" ><div class='avia_textblock'  itemprop=\"text\" ><p><img loading=\"lazy\" decoding=\"async\" class=\"size-full wp-image-54 alignleft\" src=\"https:\/\/postesdelcentro.com.ve\/wp-content\/uploads\/2016\/02\/phone-call-80x80.png\" alt=\"Local\" width=\"32\" height=\"32\" \/><strong>+58 241 8717387<\/strong><\/p>\n<\/div><\/section><br \/>\n<section  class='av_textblock_section av-av_textblock-0366cc7376be6c9e82a3e9cc8987b64f '   itemscope=\"itemscope\" itemtype=\"https:\/\/schema.org\/CreativeWork\" ><div class='avia_textblock'  itemprop=\"text\" ><p><img loading=\"lazy\" decoding=\"async\" class=\"size-full wp-image-54 alignleft\" src=\"https:\/\/postesdelcentro.com.ve\/wp-content\/uploads\/2016\/02\/phone-call-80x80.png\" alt=\"Local\" width=\"32\" height=\"32\" \/><strong>+58 424 4561177<\/strong><\/p>\n<\/div><\/section><br \/>\n<section  class='av_textblock_section av-av_textblock-0366cc7376be6c9e82a3e9cc8987b64f '   itemscope=\"itemscope\" itemtype=\"https:\/\/schema.org\/CreativeWork\" ><div class='avia_textblock'  itemprop=\"text\" ><p><img loading=\"lazy\" decoding=\"async\" class=\"size-full wp-image-54 alignleft\" src=\"https:\/\/postesdelcentro.com.ve\/wp-content\/uploads\/2016\/02\/envelope-80x80.png\" alt=\"Local\" width=\"32\" height=\"32\" \/><strong>ventas@postesdelcentro.com.ve<\/strong><\/p>\n<\/div><\/section><br \/>\n<section  class='av_textblock_section av-av_textblock-0366cc7376be6c9e82a3e9cc8987b64f '   itemscope=\"itemscope\" itemtype=\"https:\/\/schema.org\/CreativeWork\" ><div class='avia_textblock'  itemprop=\"text\" ><p><img loading=\"lazy\" decoding=\"async\" class=\"size-full wp-image-54 alignleft\" src=\"https:\/\/postesdelcentro.com.ve\/wp-content\/uploads\/2016\/02\/placeholder-80x80.png\" alt=\"Local\" width=\"32\" height=\"32\" \/><strong>Urb. Industrial Terrazas de Castillito,\u00a0 Centro Comercial\u00a0 Cem II, Galp\u00f3n G-9,\u00a0Municipio San Diego, Estado Carabobo.<\/strong><\/p>\n<\/div><\/section><\/p><\/div><div  class='flex_column av-av_one_half-75d3b6862cb92909ce7b9878f30b6cf9 av_one_half  avia-builder-el-14  el_after_av_one_half  avia-builder-el-last  flex_column_div  '     ><div  class='av_gmaps_sc_main_wrap av_gmaps_main_wrap '><div id='av_gmap_0' class='avia-google-map-container avia-google-map-sc av_gmaps_show_unconditionally av-no-fallback-img ' data-mapid='av_gmap_0'  style='height: 250px;'><a class=\"av_gmaps_browser_disabled av_text_confirm_link av_text_confirm_link_visible\" href=\"https:\/\/www.google.com\/maps\/search\/?api=1&#038;query=Calle%20La%20Pedrera%20%20Valencia%20%20Venezuela\" target=\"_blank\" rel=\"noopener\">Maps were disabled by the visitor on this site. Click to open the map in a new window.<\/a><\/div><\/div><\/div><\/div><\/div><\/div><!-- close content main div --><\/div><\/div><div id='av_section_3'  class='avia-section av-av_section-ee88c319f0cb98b6695a04a23b820fca footer_color avia-section-small avia-no-border-styling  avia-builder-el-16  el_after_av_section  avia-builder-el-last  avia-bg-style-scroll container_wrap fullsize'  ><div class='container av-section-cont-open' ><div class='template-page content  av-content-full alpha units'><div class='post-entry post-entry-type-page post-entry-4073'><div class='entry-content-wrapper clearfix'>\n<section  class='av_textblock_section av-av_textblock-0366cc7376be6c9e82a3e9cc8987b64f '   itemscope=\"itemscope\" itemtype=\"https:\/\/schema.org\/CreativeWork\" ><div class='avia_textblock'  itemprop=\"text\" ><p style=\"text-align: center;\"><span style=\"font-family: Lato;\">Postes del Centro, C.A., R.I.F.: J-40264929-0 | Todos los derechos reservados | Desarollado por Chicha Con Canela<\/span><\/p>\n<\/div><\/section>\n<\/p>\n","protected":false},"excerpt":{"rendered":"","protected":false},"author":1,"featured_media":0,"parent":0,"menu_order":0,"comment_status":"closed","ping_status":"closed","template":"","meta":{"footnotes":""},"class_list":["post-4073","page","type-page","status-publish","hentry"],"yoast_head":"<!-- This site is optimized with the Yoast SEO plugin v27.5 - https:\/\/yoast.com\/product\/yoast-seo-wordpress\/ -->\n<title>Nuestros Productos | Postes del Centro, C.A.<\/title>\n<meta name=\"description\" content=\"Nos dedicamos a la fabricaci\u00f3n de postes tubulares, hexagonales y torres de iluminaci\u00f3n, accesorios y comercializaci\u00f3n de materiales el\u00e9ctricos.\" \/>\n<meta name=\"robots\" content=\"index, follow, max-snippet:-1, max-image-preview:large, max-video-preview:-1\" \/>\n<link rel=\"canonical\" href=\"https:\/\/postesdelcentro.com.ve\/?page_id=4073\" \/>\n<meta property=\"og:locale\" content=\"es_ES\" \/>\n<meta property=\"og:type\" content=\"article\" \/>\n<meta property=\"og:title\" content=\"Nuestros Productos | Postes del Centro, C.A.\" \/>\n<meta property=\"og:description\" content=\"Nos dedicamos a la fabricaci\u00f3n de postes tubulares, hexagonales y torres de iluminaci\u00f3n, accesorios y comercializaci\u00f3n de materiales el\u00e9ctricos.\" \/>\n<meta property=\"og:url\" content=\"https:\/\/postesdelcentro.com.ve\/?page_id=4073\" \/>\n<meta property=\"og:site_name\" content=\"Postes del Centro\" \/>\n<meta property=\"article:modified_time\" content=\"2016-06-10T14:54:41+00:00\" \/>\n<meta property=\"og:image\" content=\"https:\/\/postesdelcentro.com.ve\/wp-content\/uploads\/2016\/02\/phone-call-80x80.png\" \/>\n<meta name=\"twitter:card\" content=\"summary_large_image\" \/>\n<meta name=\"twitter:label1\" content=\"Est. reading time\" \/>\n\t<meta name=\"twitter:data1\" content=\"3 minutos\" \/>\n<script type=\"application\/ld+json\" class=\"yoast-schema-graph\">{\"@context\":\"https:\\\/\\\/schema.org\",\"@graph\":[{\"@type\":\"WebPage\",\"@id\":\"https:\\\/\\\/postesdelcentro.com.ve\\\/?page_id=4073\",\"url\":\"https:\\\/\\\/postesdelcentro.com.ve\\\/?page_id=4073\",\"name\":\"Nuestros Productos | Postes del Centro, C.A.\",\"isPartOf\":{\"@id\":\"https:\\\/\\\/postesdelcentro.com.ve\\\/#website\"},\"primaryImageOfPage\":{\"@id\":\"https:\\\/\\\/postesdelcentro.com.ve\\\/?page_id=4073#primaryimage\"},\"image\":{\"@id\":\"https:\\\/\\\/postesdelcentro.com.ve\\\/?page_id=4073#primaryimage\"},\"thumbnailUrl\":\"https:\\\/\\\/postesdelcentro.com.ve\\\/wp-content\\\/uploads\\\/2016\\\/02\\\/phone-call-80x80.png\",\"datePublished\":\"2016-06-08T20:03:48+00:00\",\"dateModified\":\"2016-06-10T14:54:41+00:00\",\"description\":\"Nos dedicamos a la fabricaci\u00f3n de postes tubulares, hexagonales y torres de iluminaci\u00f3n, accesorios y comercializaci\u00f3n de materiales el\u00e9ctricos.\",\"breadcrumb\":{\"@id\":\"https:\\\/\\\/postesdelcentro.com.ve\\\/?page_id=4073#breadcrumb\"},\"inLanguage\":\"es\",\"potentialAction\":[{\"@type\":\"ReadAction\",\"target\":[\"https:\\\/\\\/postesdelcentro.com.ve\\\/?page_id=4073\"]}]},{\"@type\":\"ImageObject\",\"inLanguage\":\"es\",\"@id\":\"https:\\\/\\\/postesdelcentro.com.ve\\\/?page_id=4073#primaryimage\",\"url\":\"https:\\\/\\\/postesdelcentro.com.ve\\\/wp-content\\\/uploads\\\/2016\\\/02\\\/phone-call.png\",\"contentUrl\":\"https:\\\/\\\/postesdelcentro.com.ve\\\/wp-content\\\/uploads\\\/2016\\\/02\\\/phone-call.png\",\"width\":799,\"height\":800},{\"@type\":\"BreadcrumbList\",\"@id\":\"https:\\\/\\\/postesdelcentro.com.ve\\\/?page_id=4073#breadcrumb\",\"itemListElement\":[{\"@type\":\"ListItem\",\"position\":1,\"name\":\"Portada\",\"item\":\"https:\\\/\\\/postesdelcentro.com.ve\\\/\"},{\"@type\":\"ListItem\",\"position\":2,\"name\":\"Contacto\"}]},{\"@type\":\"WebSite\",\"@id\":\"https:\\\/\\\/postesdelcentro.com.ve\\\/#website\",\"url\":\"https:\\\/\\\/postesdelcentro.com.ve\\\/\",\"name\":\"Postes del Centro\",\"description\":\"\",\"potentialAction\":[{\"@type\":\"SearchAction\",\"target\":{\"@type\":\"EntryPoint\",\"urlTemplate\":\"https:\\\/\\\/postesdelcentro.com.ve\\\/?s={search_term_string}\"},\"query-input\":{\"@type\":\"PropertyValueSpecification\",\"valueRequired\":true,\"valueName\":\"search_term_string\"}}],\"inLanguage\":\"es\"}]}<\/script>\n<!-- \/ Yoast SEO plugin. -->","yoast_head_json":{"title":"Nuestros Productos | Postes del Centro, C.A.","description":"Nos dedicamos a la fabricaci\u00f3n de postes tubulares, hexagonales y torres de iluminaci\u00f3n, accesorios y comercializaci\u00f3n de materiales el\u00e9ctricos.","robots":{"index":"index","follow":"follow","max-snippet":"max-snippet:-1","max-image-preview":"max-image-preview:large","max-video-preview":"max-video-preview:-1"},"canonical":"https:\/\/postesdelcentro.com.ve\/?page_id=4073","og_locale":"es_ES","og_type":"article","og_title":"Nuestros Productos | Postes del Centro, C.A.","og_description":"Nos dedicamos a la fabricaci\u00f3n de postes tubulares, hexagonales y torres de iluminaci\u00f3n, accesorios y comercializaci\u00f3n de materiales el\u00e9ctricos.","og_url":"https:\/\/postesdelcentro.com.ve\/?page_id=4073","og_site_name":"Postes del Centro","article_modified_time":"2016-06-10T14:54:41+00:00","og_image":[{"url":"https:\/\/postesdelcentro.com.ve\/wp-content\/uploads\/2016\/02\/phone-call-80x80.png","type":"","width":"","height":""}],"twitter_card":"summary_large_image","twitter_misc":{"Est. reading time":"3 minutos"},"schema":{"@context":"https:\/\/schema.org","@graph":[{"@type":"WebPage","@id":"https:\/\/postesdelcentro.com.ve\/?page_id=4073","url":"https:\/\/postesdelcentro.com.ve\/?page_id=4073","name":"Nuestros Productos | Postes del Centro, C.A.","isPartOf":{"@id":"https:\/\/postesdelcentro.com.ve\/#website"},"primaryImageOfPage":{"@id":"https:\/\/postesdelcentro.com.ve\/?page_id=4073#primaryimage"},"image":{"@id":"https:\/\/postesdelcentro.com.ve\/?page_id=4073#primaryimage"},"thumbnailUrl":"https:\/\/postesdelcentro.com.ve\/wp-content\/uploads\/2016\/02\/phone-call-80x80.png","datePublished":"2016-06-08T20:03:48+00:00","dateModified":"2016-06-10T14:54:41+00:00","description":"Nos dedicamos a la fabricaci\u00f3n de postes tubulares, hexagonales y torres de iluminaci\u00f3n, accesorios y comercializaci\u00f3n de materiales el\u00e9ctricos.","breadcrumb":{"@id":"https:\/\/postesdelcentro.com.ve\/?page_id=4073#breadcrumb"},"inLanguage":"es","potentialAction":[{"@type":"ReadAction","target":["https:\/\/postesdelcentro.com.ve\/?page_id=4073"]}]},{"@type":"ImageObject","inLanguage":"es","@id":"https:\/\/postesdelcentro.com.ve\/?page_id=4073#primaryimage","url":"https:\/\/postesdelcentro.com.ve\/wp-content\/uploads\/2016\/02\/phone-call.png","contentUrl":"https:\/\/postesdelcentro.com.ve\/wp-content\/uploads\/2016\/02\/phone-call.png","width":799,"height":800},{"@type":"BreadcrumbList","@id":"https:\/\/postesdelcentro.com.ve\/?page_id=4073#breadcrumb","itemListElement":[{"@type":"ListItem","position":1,"name":"Portada","item":"https:\/\/postesdelcentro.com.ve\/"},{"@type":"ListItem","position":2,"name":"Contacto"}]},{"@type":"WebSite","@id":"https:\/\/postesdelcentro.com.ve\/#website","url":"https:\/\/postesdelcentro.com.ve\/","name":"Postes del Centro","description":"","potentialAction":[{"@type":"SearchAction","target":{"@type":"EntryPoint","urlTemplate":"https:\/\/postesdelcentro.com.ve\/?s={search_term_string}"},"query-input":{"@type":"PropertyValueSpecification","valueRequired":true,"valueName":"search_term_string"}}],"inLanguage":"es"}]}},"_links":{"self":[{"href":"https:\/\/postesdelcentro.com.ve\/index.php?rest_route=\/wp\/v2\/pages\/4073","targetHints":{"allow":["GET"]}}],"collection":[{"href":"https:\/\/postesdelcentro.com.ve\/index.php?rest_route=\/wp\/v2\/pages"}],"about":[{"href":"https:\/\/postesdelcentro.com.ve\/index.php?rest_route=\/wp\/v2\/types\/page"}],"author":[{"embeddable":true,"href":"https:\/\/postesdelcentro.com.ve\/index.php?rest_route=\/wp\/v2\/users\/1"}],"replies":[{"embeddable":true,"href":"https:\/\/postesdelcentro.com.ve\/index.php?rest_route=%2Fwp%2Fv2%2Fcomments&post=4073"}],"version-history":[{"count":6,"href":"https:\/\/postesdelcentro.com.ve\/index.php?rest_route=\/wp\/v2\/pages\/4073\/revisions"}],"predecessor-version":[{"id":4143,"href":"https:\/\/postesdelcentro.com.ve\/index.php?rest_route=\/wp\/v2\/pages\/4073\/revisions\/4143"}],"wp:attachment":[{"href":"https:\/\/postesdelcentro.com.ve\/index.php?rest_route=%2Fwp%2Fv2%2Fmedia&parent=4073"}],"curies":[{"name":"wp","href":"https:\/\/api.w.org\/{rel}","templated":true}]}}