{"id":4845,"date":"2016-09-28T23:09:08","date_gmt":"2016-09-28T23:09:08","guid":{"rendered":"https:\/\/postesdelcentro.com.ve\/?page_id=4845"},"modified":"2016-09-29T17:59:00","modified_gmt":"2016-09-29T17:59:00","slug":"st","status":"publish","type":"page","link":"https:\/\/postesdelcentro.com.ve\/?page_id=4845","title":{"rendered":"Cable ST Multiconductor (Entre 75 \u00baC y 90 \u00b0C)"},"content":{"rendered":"<div class='clear'><\/div><div id='sub_menu1'  class='av-submenu-container av-av_submenu-a842b0deb487742f43d318d912400320 alternate_color  avia-builder-el-0  el_before_av_section  avia-builder-el-first  av-sticky-submenu container_wrap fullsize' style='z-index:301' ><div class='container av-menu-mobile-disabled av-submenu-pos-center'><ul id=\"menu-productos\" class=\"av-subnav-menu\" role=\"menu\"><li role=\"menuitem\" id=\"menu-item-4932\" class=\"menu-item menu-item-type-custom menu-item-object-custom menu-item-has-children av-menu-button av-menu-button-bordered menu-item-top-level menu-item-top-level-1\"><a href=\"http:\/\/1\" itemprop=\"url\" tabindex=\"0\"><span class=\"avia-bullet\"><\/span><span class=\"avia-menu-text\">Postes y Estructuras<\/span><span class=\"avia-menu-fx\"><span class=\"avia-arrow-wrap\"><span class=\"avia-arrow\"><\/span><\/span><\/span><\/a>\n\n\n<ul class=\"sub-menu\">\n\t<li role=\"menuitem\" id=\"menu-item-4936\" class=\"menu-item menu-item-type-post_type menu-item-object-page\"><a href=\"https:\/\/postesdelcentro.com.ve\/?page_id=4294\" itemprop=\"url\" tabindex=\"0\"><span class=\"avia-bullet\"><\/span><span class=\"avia-menu-text\">Postes Tubulares y Estructuras<\/span><\/a><\/li>\n<\/ul>\n<\/li>\n<li role=\"menuitem\" id=\"menu-item-5128\" class=\"menu-item menu-item-type-custom menu-item-object-custom menu-item-has-children av-menu-button av-menu-button-bordered menu-item-top-level menu-item-top-level-2\"><a href=\"http:\/\/0\" itemprop=\"url\" tabindex=\"0\"><span class=\"avia-bullet\"><\/span><span class=\"avia-menu-text\">Postes Hexagonales<\/span><span class=\"avia-menu-fx\"><span class=\"avia-arrow-wrap\"><span class=\"avia-arrow\"><\/span><\/span><\/span><\/a>\n\n\n<ul class=\"sub-menu\">\n\t<li role=\"menuitem\" id=\"menu-item-4938\" class=\"menu-item menu-item-type-post_type menu-item-object-page\"><a href=\"https:\/\/postesdelcentro.com.ve\/?page_id=4162\" itemprop=\"url\" tabindex=\"0\"><span class=\"avia-bullet\"><\/span><span class=\"avia-menu-text\">Postes Hexagonales<\/span><\/a><\/li>\n\t<li role=\"menuitem\" id=\"menu-item-4937\" class=\"menu-item menu-item-type-post_type menu-item-object-page\"><a href=\"https:\/\/postesdelcentro.com.ve\/?page_id=4222\" itemprop=\"url\" tabindex=\"0\"><span class=\"avia-bullet\"><\/span><span class=\"avia-menu-text\">Postes Hexagonales Deportivos<\/span><\/a><\/li>\n<\/ul>\n<\/li>\n<li role=\"menuitem\" id=\"menu-item-4935\" class=\"menu-item menu-item-type-post_type menu-item-object-page av-menu-button av-menu-button-bordered menu-item-top-level menu-item-top-level-3\"><a href=\"https:\/\/postesdelcentro.com.ve\/?page_id=4365\" itemprop=\"url\" tabindex=\"0\"><span class=\"avia-bullet\"><\/span><span class=\"avia-menu-text\">Torres Hexagonales de Iluminaci\u00f3n<\/span><span class=\"avia-menu-fx\"><span class=\"avia-arrow-wrap\"><span class=\"avia-arrow\"><\/span><\/span><\/span><\/a><\/li>\n<li role=\"menuitem\" id=\"menu-item-5129\" class=\"menu-item menu-item-type-post_type menu-item-object-page av-menu-button av-menu-button-bordered menu-item-top-level menu-item-top-level-4\"><a href=\"https:\/\/postesdelcentro.com.ve\/?page_id=5057\" itemprop=\"url\" tabindex=\"0\"><span class=\"avia-bullet\"><\/span><span class=\"avia-menu-text\">Media Tensi\u00f3n y Herrajes<\/span><span class=\"avia-menu-fx\"><span class=\"avia-arrow-wrap\"><span class=\"avia-arrow\"><\/span><\/span><\/span><\/a><\/li>\n<li role=\"menuitem\" id=\"menu-item-4934\" class=\"menu-item menu-item-type-custom menu-item-object-custom menu-item-has-children av-menu-button av-menu-button-bordered menu-item-top-level menu-item-top-level-5\"><a href=\"http:\/\/3\" itemprop=\"url\" tabindex=\"0\"><span class=\"avia-bullet\"><\/span><span class=\"avia-menu-text\">Conductores<\/span><span class=\"avia-menu-fx\"><span class=\"avia-arrow-wrap\"><span class=\"avia-arrow\"><\/span><\/span><\/span><\/a>\n\n\n<ul class=\"sub-menu\">\n\t<li role=\"menuitem\" id=\"menu-item-4944\" class=\"menu-item menu-item-type-post_type menu-item-object-page\"><a href=\"https:\/\/postesdelcentro.com.ve\/?page_id=4631\" itemprop=\"url\" tabindex=\"0\"><span class=\"avia-bullet\"><\/span><span class=\"avia-menu-text\">Cable THW \/ THHW<\/span><\/a><\/li>\n\t<li role=\"menuitem\" id=\"menu-item-4941\" class=\"menu-item menu-item-type-post_type menu-item-object-page\"><a href=\"https:\/\/postesdelcentro.com.ve\/?page_id=4845\" itemprop=\"url\" tabindex=\"0\"><span class=\"avia-bullet\"><\/span><span class=\"avia-menu-text\">Cable ST Multiconductor (Entre 75 \u00baC y 90 \u00b0C)<\/span><\/a><\/li>\n\t<li role=\"menuitem\" id=\"menu-item-4943\" class=\"menu-item menu-item-type-post_type menu-item-object-page\"><a href=\"https:\/\/postesdelcentro.com.ve\/?page_id=4573\" itemprop=\"url\" tabindex=\"0\"><span class=\"avia-bullet\"><\/span><span class=\"avia-menu-text\">Cable XLP + PVC (TTU Entre 75\u00baC y 90\u00b0C)<\/span><\/a><\/li>\n\t<li role=\"menuitem\" id=\"menu-item-4942\" class=\"menu-item menu-item-type-post_type menu-item-object-page\"><a href=\"https:\/\/postesdelcentro.com.ve\/?page_id=4763\" itemprop=\"url\" tabindex=\"0\"><span class=\"avia-bullet\"><\/span><span class=\"avia-menu-text\">Conductores de Aluminio AAAC (Arvidal)<\/span><\/a><\/li>\n<\/ul>\n<\/li>\n<li role=\"menuitem\" id=\"menu-item-4933\" class=\"menu-item menu-item-type-custom menu-item-object-custom menu-item-has-children av-menu-button av-menu-button-bordered menu-item-top-level menu-item-top-level-6\"><a href=\"http:\/\/2\" itemprop=\"url\" tabindex=\"0\"><span class=\"avia-bullet\"><\/span><span class=\"avia-menu-text\">Transformadores<\/span><span class=\"avia-menu-fx\"><span class=\"avia-arrow-wrap\"><span class=\"avia-arrow\"><\/span><\/span><\/span><\/a>\n\n\n<ul class=\"sub-menu\">\n\t<li role=\"menuitem\" id=\"menu-item-4939\" class=\"menu-item menu-item-type-post_type menu-item-object-page\"><a href=\"https:\/\/postesdelcentro.com.ve\/?page_id=4500\" itemprop=\"url\" tabindex=\"0\"><span class=\"avia-bullet\"><\/span><span class=\"avia-menu-text\">Transformadores Tipo Intemperie para Postes<\/span><\/a><\/li>\n\t<li role=\"menuitem\" id=\"menu-item-4940\" class=\"menu-item menu-item-type-post_type menu-item-object-page\"><a href=\"https:\/\/postesdelcentro.com.ve\/?page_id=4427\" itemprop=\"url\" tabindex=\"0\"><span class=\"avia-bullet\"><\/span><span class=\"avia-menu-text\">Transformadores Tipo Pedestal (Pad-Mounted)<\/span><\/a><\/li>\n<\/ul>\n<\/li>\n<\/ul><\/div><\/div><div class='sticky_placeholder'><\/div>\n<div id='av_section_1'  class='avia-section av-av_section-6eccae2640257b96e91668a5b27c6b1d main_color avia-section-no-padding avia-no-border-styling  avia-builder-el-1  el_after_av_submenu  el_before_av_section  avia-bg-style-scroll av-minimum-height av-minimum-height-custom av-height-custom  container_wrap fullsize'   data-av_minimum_height_px='480'><div class='container av-section-cont-open' style='height:480px'><div class='template-page content  av-content-full alpha units'><div class='post-entry post-entry-type-page post-entry-4845'><div class='entry-content-wrapper clearfix'>\n\n<style type=\"text\/css\" data-created_by=\"avia_inline_auto\" id=\"style-css-av-av_hr-0688d0b0b6ed2f8b057db7a8270206df\">\n#top .hr.hr-invisible.av-av_hr-0688d0b0b6ed2f8b057db7a8270206df{\nheight:50px;\n}\n<\/style>\n<div  class='hr av-av_hr-0688d0b0b6ed2f8b057db7a8270206df hr-invisible  avia-builder-el-2  el_before_av_textblock  avia-builder-el-first '><span class='hr-inner '><span class=\"hr-inner-style\"><\/span><\/span><\/div>\n<section  class='av_textblock_section av-av_textblock-0366cc7376be6c9e82a3e9cc8987b64f '   itemscope=\"itemscope\" itemtype=\"https:\/\/schema.org\/CreativeWork\" ><div class='avia_textblock'  itemprop=\"text\" ><h1><span style=\"font-family: Lato;\">Cable ST Multiconductor (Entre 75\u00baC y 90\u00b0C)<\/span><\/h1>\n<\/div><\/section>\n<div  class='flex_column av-av_one_half-2a9015ff38129c418a3f2eafba3e9512 av_one_half  avia-builder-el-4  el_after_av_textblock  el_before_av_one_half  first flex_column_div  column-top-margin'     ><style type=\"text\/css\" data-created_by=\"avia_inline_auto\" id=\"style-css-av-av_image-139074b733ef577ffad4115152213168\">\n.avia-image-container.av-av_image-139074b733ef577ffad4115152213168 img.avia_image{\nbox-shadow:none;\n}\n.avia-image-container.av-av_image-139074b733ef577ffad4115152213168 .av-image-caption-overlay-center{\ncolor:#ffffff;\n}\n<\/style>\n<div  class='avia-image-container av-av_image-139074b733ef577ffad4115152213168 av-styling- avia-align-center  avia-builder-el-5  avia-builder-el-no-sibling '   itemprop=\"image\" itemscope=\"itemscope\" itemtype=\"https:\/\/schema.org\/ImageObject\" ><div class=\"avia-image-container-inner\"><div class=\"avia-image-overlay-wrap\"><img fetchpriority=\"high\" class='wp-image-4914 avia-img-lazy-loading-not-4914 avia_image ' src='https:\/\/postesdelcentro.com.ve\/wp-content\/uploads\/2016\/09\/ST.png' alt='' title='st'  height=\"2366\" width=\"2366\"  itemprop=\"thumbnailUrl\"  \/><\/div><\/div><\/div><\/div><div  class='flex_column av-av_one_half-75d3b6862cb92909ce7b9878f30b6cf9 av_one_half  avia-builder-el-6  el_after_av_one_half  el_before_av_hr  flex_column_div  column-top-margin'     ><section  class='av_textblock_section av-av_textblock-0366cc7376be6c9e82a3e9cc8987b64f '   itemscope=\"itemscope\" itemtype=\"https:\/\/schema.org\/CreativeWork\" ><div class='avia_textblock'  itemprop=\"text\" ><h2><span style=\"font-family: Lato;\">Cable ST Multiconductor (Entre 75\u00baC y 90\u00b0C)<\/span><\/h2>\n<p style=\"text-align: justify;\"><span style=\"font-weight: 400;\">Es un cable muy \u00fatil y seguro para conexiones m\u00faltiples \u00f3 de varias fases a un solo destino. Posee gran flexibilidad, gran resistencia mec\u00e1nica, resistencia a la abrasi\u00f3n, a la humedad, a \u00e1cidos y aceites.<\/span><\/p>\n<\/div><\/section><\/div>\n<style type=\"text\/css\" data-created_by=\"avia_inline_auto\" id=\"style-css-av-av_hr-0688d0b0b6ed2f8b057db7a8270206df\">\n#top .hr.hr-invisible.av-av_hr-0688d0b0b6ed2f8b057db7a8270206df{\nheight:50px;\n}\n<\/style>\n<div  class='hr av-av_hr-0688d0b0b6ed2f8b057db7a8270206df hr-invisible  avia-builder-el-8  el_after_av_one_half  el_before_av_one_full '><span class='hr-inner '><span class=\"hr-inner-style\"><\/span><\/span><\/div>\n<div  class='flex_column av-av_one_full-2a9015ff38129c418a3f2eafba3e9512 av_one_full  avia-builder-el-9  el_after_av_hr  el_before_av_hr  first flex_column_div  '     ><style type=\"text\/css\" data-created_by=\"avia_inline_auto\" id=\"style-css-av-av_image-854ef86cba11818ca3eeb4126990b9a7\">\n.avia-image-container.av-av_image-854ef86cba11818ca3eeb4126990b9a7 img.avia_image{\nbox-shadow:none;\n}\n.avia-image-container.av-av_image-854ef86cba11818ca3eeb4126990b9a7 .av-image-caption-overlay-center{\ncolor:#ffffff;\n}\n<\/style>\n<div  class='avia-image-container av-av_image-854ef86cba11818ca3eeb4126990b9a7 av-styling- avia-align-center  avia-builder-el-10  avia-builder-el-no-sibling '   itemprop=\"image\" itemscope=\"itemscope\" itemtype=\"https:\/\/schema.org\/ImageObject\" ><div class=\"avia-image-container-inner\"><div class=\"avia-image-overlay-wrap\"><img fetchpriority=\"high\" class='wp-image-4913 avia-img-lazy-loading-not-4913 avia_image ' src='https:\/\/postesdelcentro.com.ve\/wp-content\/uploads\/2016\/09\/TRST.png' alt='' title='trst'  height=\"1799\" width=\"1951\"  itemprop=\"thumbnailUrl\"  \/><\/div><\/div><\/div><\/div>\n<style type=\"text\/css\" data-created_by=\"avia_inline_auto\" id=\"style-css-av-av_hr-0688d0b0b6ed2f8b057db7a8270206df\">\n#top .hr.hr-invisible.av-av_hr-0688d0b0b6ed2f8b057db7a8270206df{\nheight:50px;\n}\n<\/style>\n<div  class='hr av-av_hr-0688d0b0b6ed2f8b057db7a8270206df hr-invisible  avia-builder-el-11  el_after_av_one_full  avia-builder-el-last '><span class='hr-inner '><span class=\"hr-inner-style\"><\/span><\/span><\/div>\n\n<\/div><\/div><\/div><!-- close content main div --><\/div><\/div><div id='av_section_2'  class='avia-section av-av_section-8b26b6ea7b09f639ac96b8caeb95194b alternate_color avia-section-small avia-no-border-styling  avia-builder-el-12  el_after_av_section  el_before_av_section  avia-bg-style-scroll av-minimum-height av-minimum-height-custom av-height-custom  container_wrap fullsize'   data-av_minimum_height_px='150'><div class='container av-section-cont-open' style='height:150px'><div class='template-page content  av-content-full alpha units'><div class='post-entry post-entry-type-page post-entry-4845'><div class='entry-content-wrapper clearfix'>\n<div  class='flex_column av-av_one_half-2a9015ff38129c418a3f2eafba3e9512 av_one_half  avia-builder-el-13  el_before_av_one_half  avia-builder-el-first  first flex_column_div  '     ><p><section  class='av_textblock_section av-av_textblock-0366cc7376be6c9e82a3e9cc8987b64f '   itemscope=\"itemscope\" itemtype=\"https:\/\/schema.org\/CreativeWork\" ><div class='avia_textblock'  itemprop=\"text\" ><p><span style=\"font-family: Lato; font-size: 16px;\">Esperamos que a partir de hoy, <strong>Postes del Centro, C.A<\/strong>, pase a ser, adem\u00e1s de su proveedor habitual, la empresa en la que puede confiar plenamente cuando piense en postes y materiales electricos.<\/span><\/p>\n<\/div><\/section><br \/>\n<section  class='av_textblock_section av-av_textblock-0366cc7376be6c9e82a3e9cc8987b64f '   itemscope=\"itemscope\" itemtype=\"https:\/\/schema.org\/CreativeWork\" ><div class='avia_textblock'  itemprop=\"text\" ><p style=\"text-align: left;\"><strong>\u00a1CONTACTANOS!<\/strong><\/p>\n<\/div><\/section><br \/>\n<section  class='av_textblock_section av-av_textblock-0366cc7376be6c9e82a3e9cc8987b64f '   itemscope=\"itemscope\" itemtype=\"https:\/\/schema.org\/CreativeWork\" ><div class='avia_textblock'  itemprop=\"text\" ><p><img loading=\"lazy\" decoding=\"async\" class=\"size-full wp-image-54 alignleft\" src=\"https:\/\/postesdelcentro.com.ve\/wp-content\/uploads\/2016\/02\/phone-call-80x80.png\" alt=\"Local\" width=\"32\" height=\"32\" \/><strong>+58 241 8717387<\/strong><\/p>\n<\/div><\/section><br \/>\n<section  class='av_textblock_section av-av_textblock-0366cc7376be6c9e82a3e9cc8987b64f '   itemscope=\"itemscope\" itemtype=\"https:\/\/schema.org\/CreativeWork\" ><div class='avia_textblock'  itemprop=\"text\" ><p><img loading=\"lazy\" decoding=\"async\" class=\"size-full wp-image-54 alignleft\" src=\"https:\/\/postesdelcentro.com.ve\/wp-content\/uploads\/2016\/02\/phone-call-80x80.png\" alt=\"Local\" width=\"32\" height=\"32\" \/><strong>+58 424 4561177<\/strong><\/p>\n<\/div><\/section><br \/>\n<section  class='av_textblock_section av-av_textblock-0366cc7376be6c9e82a3e9cc8987b64f '   itemscope=\"itemscope\" itemtype=\"https:\/\/schema.org\/CreativeWork\" ><div class='avia_textblock'  itemprop=\"text\" ><p><img loading=\"lazy\" decoding=\"async\" class=\"size-full wp-image-54 alignleft\" src=\"https:\/\/postesdelcentro.com.ve\/wp-content\/uploads\/2016\/02\/envelope-80x80.png\" alt=\"Local\" width=\"32\" height=\"32\" \/><strong>ventas@postesdelcentro.com.ve<\/strong><\/p>\n<\/div><\/section><br \/>\n<section  class='av_textblock_section av-av_textblock-0366cc7376be6c9e82a3e9cc8987b64f '   itemscope=\"itemscope\" itemtype=\"https:\/\/schema.org\/CreativeWork\" ><div class='avia_textblock'  itemprop=\"text\" ><p><img loading=\"lazy\" decoding=\"async\" class=\"size-full wp-image-54 alignleft\" src=\"https:\/\/postesdelcentro.com.ve\/wp-content\/uploads\/2016\/02\/placeholder-80x80.png\" alt=\"Local\" width=\"32\" height=\"32\" \/><strong>Urb. Industrial Terrazas de Castillito,\u00a0 Centro Comercial\u00a0 Cem II, Galp\u00f3n G-9,\u00a0Municipio San Diego, Estado Carabobo.<\/strong><\/p>\n<\/div><\/section><\/p><\/div><div  class='flex_column av-av_one_half-75d3b6862cb92909ce7b9878f30b6cf9 av_one_half  avia-builder-el-20  el_after_av_one_half  avia-builder-el-last  flex_column_div  '     ><div  class='av_gmaps_sc_main_wrap av_gmaps_main_wrap '><div id='av_gmap_0' class='avia-google-map-container avia-google-map-sc av_gmaps_show_unconditionally av-no-fallback-img ' data-mapid='av_gmap_0'  style='height: 250px;'><a class=\"av_gmaps_browser_disabled av_text_confirm_link av_text_confirm_link_visible\" href=\"https:\/\/www.google.com\/maps\/search\/?api=1&#038;query=Calle%20La%20Pedrera%20%20Valencia%20%20Venezuela\" target=\"_blank\" rel=\"noopener\">Maps were disabled by the visitor on this site. Click to open the map in a new window.<\/a><\/div><\/div><\/div>\n\n<\/div><\/div><\/div><!-- close content main div --><\/div><\/div><div id='av_section_3'  class='avia-section av-av_section-ee88c319f0cb98b6695a04a23b820fca footer_color avia-section-small avia-no-border-styling  avia-builder-el-22  el_after_av_section  avia-builder-el-last  avia-bg-style-scroll container_wrap fullsize'  ><div class='container av-section-cont-open' ><div class='template-page content  av-content-full alpha units'><div class='post-entry post-entry-type-page post-entry-4845'><div class='entry-content-wrapper clearfix'>\n<section  class='av_textblock_section av-av_textblock-0366cc7376be6c9e82a3e9cc8987b64f '   itemscope=\"itemscope\" itemtype=\"https:\/\/schema.org\/CreativeWork\" ><div class='avia_textblock'  itemprop=\"text\" ><p style=\"text-align: center;\"><span style=\"font-family: Lato;\">Postes del Centro, C.A., R.I.F.: J-40264929-0 | Todos los derechos reservados | Desarollado por Chicha Con Canela<\/span><\/p>\n<\/div><\/section>\n\n","protected":false},"excerpt":{"rendered":"","protected":false},"author":1,"featured_media":0,"parent":0,"menu_order":0,"comment_status":"closed","ping_status":"closed","template":"","meta":{"footnotes":""},"class_list":["post-4845","page","type-page","status-publish","hentry"],"yoast_head":"<!-- This site is optimized with the Yoast SEO plugin v27.5 - https:\/\/yoast.com\/product\/yoast-seo-wordpress\/ -->\n<title>Cable ST (Entre 75 \u00baC y 90 \u00b0C) | Postes del Centro, C.A.<\/title>\n<meta name=\"description\" content=\"Nos dedicamos a la fabricaci\u00f3n de postes tubulares, hexagonales y torres de iluminaci\u00f3n, accesorios y comercializaci\u00f3n de materiales el\u00e9ctricos.\" \/>\n<meta name=\"robots\" content=\"index, follow, max-snippet:-1, max-image-preview:large, max-video-preview:-1\" \/>\n<link rel=\"canonical\" href=\"https:\/\/postesdelcentro.com.ve\/?page_id=4845\" \/>\n<meta property=\"og:locale\" content=\"es_ES\" \/>\n<meta property=\"og:type\" content=\"article\" \/>\n<meta property=\"og:title\" content=\"Cable ST (Entre 75 \u00baC y 90 \u00b0C) | Postes del Centro, C.A.\" \/>\n<meta property=\"og:description\" content=\"Nos dedicamos a la fabricaci\u00f3n de postes tubulares, hexagonales y torres de iluminaci\u00f3n, accesorios y comercializaci\u00f3n de materiales el\u00e9ctricos.\" \/>\n<meta property=\"og:url\" content=\"https:\/\/postesdelcentro.com.ve\/?page_id=4845\" \/>\n<meta property=\"og:site_name\" content=\"Postes del Centro\" \/>\n<meta property=\"article:modified_time\" content=\"2016-09-29T17:59:00+00:00\" \/>\n<meta property=\"og:image\" content=\"https:\/\/postesdelcentro.com.ve\/wp-content\/uploads\/2016\/02\/phone-call-80x80.png\" \/>\n<meta name=\"twitter:card\" content=\"summary_large_image\" \/>\n<meta name=\"twitter:label1\" content=\"Est. reading time\" \/>\n\t<meta name=\"twitter:data1\" content=\"3 minutos\" \/>\n<script type=\"application\/ld+json\" class=\"yoast-schema-graph\">{\"@context\":\"https:\\\/\\\/schema.org\",\"@graph\":[{\"@type\":\"WebPage\",\"@id\":\"https:\\\/\\\/postesdelcentro.com.ve\\\/?page_id=4845\",\"url\":\"https:\\\/\\\/postesdelcentro.com.ve\\\/?page_id=4845\",\"name\":\"Cable ST (Entre 75 \u00baC y 90 \u00b0C) | Postes del Centro, C.A.\",\"isPartOf\":{\"@id\":\"https:\\\/\\\/postesdelcentro.com.ve\\\/#website\"},\"primaryImageOfPage\":{\"@id\":\"https:\\\/\\\/postesdelcentro.com.ve\\\/?page_id=4845#primaryimage\"},\"image\":{\"@id\":\"https:\\\/\\\/postesdelcentro.com.ve\\\/?page_id=4845#primaryimage\"},\"thumbnailUrl\":\"https:\\\/\\\/postesdelcentro.com.ve\\\/wp-content\\\/uploads\\\/2016\\\/02\\\/phone-call-80x80.png\",\"datePublished\":\"2016-09-28T23:09:08+00:00\",\"dateModified\":\"2016-09-29T17:59:00+00:00\",\"description\":\"Nos dedicamos a la fabricaci\u00f3n de postes tubulares, hexagonales y torres de iluminaci\u00f3n, accesorios y comercializaci\u00f3n de materiales el\u00e9ctricos.\",\"breadcrumb\":{\"@id\":\"https:\\\/\\\/postesdelcentro.com.ve\\\/?page_id=4845#breadcrumb\"},\"inLanguage\":\"es\",\"potentialAction\":[{\"@type\":\"ReadAction\",\"target\":[\"https:\\\/\\\/postesdelcentro.com.ve\\\/?page_id=4845\"]}]},{\"@type\":\"ImageObject\",\"inLanguage\":\"es\",\"@id\":\"https:\\\/\\\/postesdelcentro.com.ve\\\/?page_id=4845#primaryimage\",\"url\":\"https:\\\/\\\/postesdelcentro.com.ve\\\/wp-content\\\/uploads\\\/2016\\\/02\\\/phone-call.png\",\"contentUrl\":\"https:\\\/\\\/postesdelcentro.com.ve\\\/wp-content\\\/uploads\\\/2016\\\/02\\\/phone-call.png\",\"width\":799,\"height\":800},{\"@type\":\"BreadcrumbList\",\"@id\":\"https:\\\/\\\/postesdelcentro.com.ve\\\/?page_id=4845#breadcrumb\",\"itemListElement\":[{\"@type\":\"ListItem\",\"position\":1,\"name\":\"Portada\",\"item\":\"https:\\\/\\\/postesdelcentro.com.ve\\\/\"},{\"@type\":\"ListItem\",\"position\":2,\"name\":\"Cable ST Multiconductor (Entre 75 \u00baC y 90 \u00b0C)\"}]},{\"@type\":\"WebSite\",\"@id\":\"https:\\\/\\\/postesdelcentro.com.ve\\\/#website\",\"url\":\"https:\\\/\\\/postesdelcentro.com.ve\\\/\",\"name\":\"Postes del Centro\",\"description\":\"\",\"potentialAction\":[{\"@type\":\"SearchAction\",\"target\":{\"@type\":\"EntryPoint\",\"urlTemplate\":\"https:\\\/\\\/postesdelcentro.com.ve\\\/?s={search_term_string}\"},\"query-input\":{\"@type\":\"PropertyValueSpecification\",\"valueRequired\":true,\"valueName\":\"search_term_string\"}}],\"inLanguage\":\"es\"}]}<\/script>\n<!-- \/ Yoast SEO plugin. -->","yoast_head_json":{"title":"Cable ST (Entre 75 \u00baC y 90 \u00b0C) | Postes del Centro, C.A.","description":"Nos dedicamos a la fabricaci\u00f3n de postes tubulares, hexagonales y torres de iluminaci\u00f3n, accesorios y comercializaci\u00f3n de materiales el\u00e9ctricos.","robots":{"index":"index","follow":"follow","max-snippet":"max-snippet:-1","max-image-preview":"max-image-preview:large","max-video-preview":"max-video-preview:-1"},"canonical":"https:\/\/postesdelcentro.com.ve\/?page_id=4845","og_locale":"es_ES","og_type":"article","og_title":"Cable ST (Entre 75 \u00baC y 90 \u00b0C) | Postes del Centro, C.A.","og_description":"Nos dedicamos a la fabricaci\u00f3n de postes tubulares, hexagonales y torres de iluminaci\u00f3n, accesorios y comercializaci\u00f3n de materiales el\u00e9ctricos.","og_url":"https:\/\/postesdelcentro.com.ve\/?page_id=4845","og_site_name":"Postes del Centro","article_modified_time":"2016-09-29T17:59:00+00:00","og_image":[{"url":"https:\/\/postesdelcentro.com.ve\/wp-content\/uploads\/2016\/02\/phone-call-80x80.png","type":"","width":"","height":""}],"twitter_card":"summary_large_image","twitter_misc":{"Est. reading time":"3 minutos"},"schema":{"@context":"https:\/\/schema.org","@graph":[{"@type":"WebPage","@id":"https:\/\/postesdelcentro.com.ve\/?page_id=4845","url":"https:\/\/postesdelcentro.com.ve\/?page_id=4845","name":"Cable ST (Entre 75 \u00baC y 90 \u00b0C) | Postes del Centro, C.A.","isPartOf":{"@id":"https:\/\/postesdelcentro.com.ve\/#website"},"primaryImageOfPage":{"@id":"https:\/\/postesdelcentro.com.ve\/?page_id=4845#primaryimage"},"image":{"@id":"https:\/\/postesdelcentro.com.ve\/?page_id=4845#primaryimage"},"thumbnailUrl":"https:\/\/postesdelcentro.com.ve\/wp-content\/uploads\/2016\/02\/phone-call-80x80.png","datePublished":"2016-09-28T23:09:08+00:00","dateModified":"2016-09-29T17:59:00+00:00","description":"Nos dedicamos a la fabricaci\u00f3n de postes tubulares, hexagonales y torres de iluminaci\u00f3n, accesorios y comercializaci\u00f3n de materiales el\u00e9ctricos.","breadcrumb":{"@id":"https:\/\/postesdelcentro.com.ve\/?page_id=4845#breadcrumb"},"inLanguage":"es","potentialAction":[{"@type":"ReadAction","target":["https:\/\/postesdelcentro.com.ve\/?page_id=4845"]}]},{"@type":"ImageObject","inLanguage":"es","@id":"https:\/\/postesdelcentro.com.ve\/?page_id=4845#primaryimage","url":"https:\/\/postesdelcentro.com.ve\/wp-content\/uploads\/2016\/02\/phone-call.png","contentUrl":"https:\/\/postesdelcentro.com.ve\/wp-content\/uploads\/2016\/02\/phone-call.png","width":799,"height":800},{"@type":"BreadcrumbList","@id":"https:\/\/postesdelcentro.com.ve\/?page_id=4845#breadcrumb","itemListElement":[{"@type":"ListItem","position":1,"name":"Portada","item":"https:\/\/postesdelcentro.com.ve\/"},{"@type":"ListItem","position":2,"name":"Cable ST Multiconductor (Entre 75 \u00baC y 90 \u00b0C)"}]},{"@type":"WebSite","@id":"https:\/\/postesdelcentro.com.ve\/#website","url":"https:\/\/postesdelcentro.com.ve\/","name":"Postes del Centro","description":"","potentialAction":[{"@type":"SearchAction","target":{"@type":"EntryPoint","urlTemplate":"https:\/\/postesdelcentro.com.ve\/?s={search_term_string}"},"query-input":{"@type":"PropertyValueSpecification","valueRequired":true,"valueName":"search_term_string"}}],"inLanguage":"es"}]}},"_links":{"self":[{"href":"https:\/\/postesdelcentro.com.ve\/index.php?rest_route=\/wp\/v2\/pages\/4845","targetHints":{"allow":["GET"]}}],"collection":[{"href":"https:\/\/postesdelcentro.com.ve\/index.php?rest_route=\/wp\/v2\/pages"}],"about":[{"href":"https:\/\/postesdelcentro.com.ve\/index.php?rest_route=\/wp\/v2\/types\/page"}],"author":[{"embeddable":true,"href":"https:\/\/postesdelcentro.com.ve\/index.php?rest_route=\/wp\/v2\/users\/1"}],"replies":[{"embeddable":true,"href":"https:\/\/postesdelcentro.com.ve\/index.php?rest_route=%2Fwp%2Fv2%2Fcomments&post=4845"}],"version-history":[{"count":2,"href":"https:\/\/postesdelcentro.com.ve\/index.php?rest_route=\/wp\/v2\/pages\/4845\/revisions"}],"predecessor-version":[{"id":4999,"href":"https:\/\/postesdelcentro.com.ve\/index.php?rest_route=\/wp\/v2\/pages\/4845\/revisions\/4999"}],"wp:attachment":[{"href":"https:\/\/postesdelcentro.com.ve\/index.php?rest_route=%2Fwp%2Fv2%2Fmedia&parent=4845"}],"curies":[{"name":"wp","href":"https:\/\/api.w.org\/{rel}","templated":true}]}}